{"id":12,"date":"2019-03-03T16:12:34","date_gmt":"2019-03-03T15:12:34","guid":{"rendered":"https:\/\/aureliemitteault.fr\/?page_id=12"},"modified":"2021-12-17T16:49:44","modified_gmt":"2021-12-17T15:49:44","slug":"qui-suis-je","status":"publish","type":"page","link":"https:\/\/aureliemitteault.fr\/index.php\/qui-suis-je\/","title":{"rendered":"Qui suis-je?\u200b"},"content":{"rendered":"\n<p>Riche d\u2019une exp\u00e9rience op\u00e9rationnelle d\u2019environ 15 ans dont 11 dans un grand Groupe public (Groupe La Poste), j\u2019ai \u00e9t\u00e9 amen\u00e9e \u00e0 \u00e9voluer et \u00e0 occuper des fonctions diff\u00e9rentes dans le secteur de l\u2019Assurance \u00e0 savoir l\u2019audit, la conformit\u00e9,\u00a0 le Risk management.<\/p>\n\n\n\n<p>Tout au long de ces ann\u00e9es, j\u2019ai accompagn\u00e9 des collaborateurs dans leur mont\u00e9e en comp\u00e9tences en tant que manager, mais aussi des managers et des dirigeants (membre Comit\u00e9 de Direction) sur la r\u00e9glementation (risques, conformit\u00e9\u2026). \u200b<\/p>\n\n\n\n<p>Toutefois, lors de ces exp\u00e9riences d\u2019accompagnement, un \u00e9l\u00e9ment apparaissait pour moi de plus en plus important : la dynamique humaine au c\u0153ur de ces organisations.  En 2018, apr\u00e8s un bilan de comp\u00e9tences, j&rsquo;ai repris mes \u00e9tudes pour obtenir un dipl\u00f4me de coach professionnelle, avec \u00e0 c\u0153ur de suivre un cursus reconnu par l&rsquo;Etat au RNCP. <\/p>\n\n\n\n<p>Je propose aujourd\u2019hui des accompagnements \u00e0 mon image bas\u00e9s sur :\u200b<\/p>\n\n\n\n<ul class=\"wp-block-list\"><li>L&rsquo;intelligence collective<\/li><\/ul>\n\n\n\n<blockquote class=\"wp-block-quote is-layout-flow wp-block-quote-is-layout-flow\"><p> <br><strong>&nbsp;Se r\u00e9unir est un d\u00e9but, rester ensemble est un progr\u00e8s,&nbsp;travailler ensemble est la r\u00e9ussite \u00bb<\/strong> <\/p><cite> <br>Henry Ford, industriel et fondateur de Ford<\/cite><\/blockquote>\n\n\n\n<ul class=\"wp-block-list\"><li>La cr\u00e9ativit\u00e9 en ma qualit\u00e9 d\u2019artiste peintre amateur , activit\u00e9 que je  pratique depuis plusieurs ann\u00e9es. L\u2019art est une mani\u00e8re de l\u00e2cher prise,  de  s\u2019exprimer diff\u00e9remment\u200b <\/li><li> Le dynamisme pour apporter l\u2019\u00e9nergie n\u00e9cessaire pour atteindre l\u2019objectif avec empathie et bienveillance   <\/li><\/ul>\n\n\n\n<p><\/p>\n","protected":false},"excerpt":{"rendered":"<p>Riche d\u2019une exp\u00e9rience op\u00e9rationnelle d\u2019environ 15 ans dont 11 dans un grand Groupe public (Groupe La Poste), j\u2019ai \u00e9t\u00e9 amen\u00e9e \u00e0 \u00e9voluer et \u00e0 occuper des fonctions diff\u00e9rentes dans le secteur de l\u2019Assurance \u00e0 savoir l\u2019audit, la conformit\u00e9,\u00a0 le Risk management. Tout au long de ces ann\u00e9es, j\u2019ai accompagn\u00e9 des collaborateurs dans leur mont\u00e9e en [&hellip;]<\/p>\n","protected":false},"author":2,"featured_media":0,"parent":0,"menu_order":0,"comment_status":"closed","ping_status":"closed","template":"","meta":{"footnotes":""},"class_list":["post-12","page","type-page","status-publish","hentry"],"_links":{"self":[{"href":"https:\/\/aureliemitteault.fr\/index.php\/wp-json\/wp\/v2\/pages\/12","targetHints":{"allow":["GET"]}}],"collection":[{"href":"https:\/\/aureliemitteault.fr\/index.php\/wp-json\/wp\/v2\/pages"}],"about":[{"href":"https:\/\/aureliemitteault.fr\/index.php\/wp-json\/wp\/v2\/types\/page"}],"author":[{"embeddable":true,"href":"https:\/\/aureliemitteault.fr\/index.php\/wp-json\/wp\/v2\/users\/2"}],"replies":[{"embeddable":true,"href":"https:\/\/aureliemitteault.fr\/index.php\/wp-json\/wp\/v2\/comments?post=12"}],"version-history":[{"count":16,"href":"https:\/\/aureliemitteault.fr\/index.php\/wp-json\/wp\/v2\/pages\/12\/revisions"}],"predecessor-version":[{"id":546,"href":"https:\/\/aureliemitteault.fr\/index.php\/wp-json\/wp\/v2\/pages\/12\/revisions\/546"}],"wp:attachment":[{"href":"https:\/\/aureliemitteault.fr\/index.php\/wp-json\/wp\/v2\/media?parent=12"}],"curies":[{"name":"wp","href":"https:\/\/api.w.org\/{rel}","templated":true}]}}