{"id":18,"date":"2019-03-03T16:29:57","date_gmt":"2019-03-03T15:29:57","guid":{"rendered":"https:\/\/aureliemitteault.fr\/?page_id=18"},"modified":"2019-03-03T18:54:36","modified_gmt":"2019-03-03T17:54:36","slug":"coaching-particulier","status":"publish","type":"page","link":"https:\/\/aureliemitteault.fr\/index.php\/coaching\/coaching-particulier\/","title":{"rendered":"Coaching &#8211; Particulier"},"content":{"rendered":"\n<blockquote class=\"wp-block-quote is-layout-flow wp-block-quote-is-layout-flow\"><p><strong>\u00ab <em>Les seules limites de nos r\u00e9alisations de demain, ce sont nos doutes et nos h\u00e9sitations d&rsquo;aujourd&rsquo;hui.&nbsp;\u00bb<\/em><\/strong><\/p><cite><strong><em>Eleanor Roosevelt <\/em><\/strong>\u200b  <\/cite><\/blockquote>\n\n\n\n<ul class=\"wp-block-list\"><li>Exemples pour lesquels la dynamique du coaching peut s\u2019appliquer :\u200bMener \u00e0 bien un projet professionnel ou personnel (cr\u00e9ation activit\u00e9, reconversion professionnelle, d\u00e9velopper son activit\u00e9)\u200b<\/li><\/ul>\n\n\n\n<ul class=\"wp-block-list\"><li>R\u00e9ussir l\u2019\u00e9quilibre vie personnelle et professionnelle\u200b<\/li><\/ul>\n\n\n\n<ul class=\"wp-block-list\"><li>Mieux vivre un changement\u200b<\/li><\/ul>\n\n\n\n<ul class=\"wp-block-list\"><li>Aider \u00e0 voir autrement et lever des freins (pr\u00e9paration examen, entretien)<\/li><\/ul>\n","protected":false},"excerpt":{"rendered":"<p>\u00ab Les seules limites de nos r\u00e9alisations de demain, ce sont nos doutes et nos h\u00e9sitations d&rsquo;aujourd&rsquo;hui.&nbsp;\u00bb Eleanor Roosevelt \u200b Exemples pour lesquels la dynamique du coaching peut s\u2019appliquer :\u200bMener \u00e0 bien un projet professionnel ou personnel (cr\u00e9ation activit\u00e9, reconversion professionnelle, d\u00e9velopper son activit\u00e9)\u200b R\u00e9ussir l\u2019\u00e9quilibre vie personnelle et professionnelle\u200b Mieux vivre un changement\u200b Aider [&hellip;]<\/p>\n","protected":false},"author":2,"featured_media":0,"parent":16,"menu_order":1,"comment_status":"closed","ping_status":"closed","template":"","meta":{"footnotes":""},"class_list":["post-18","page","type-page","status-publish","hentry"],"_links":{"self":[{"href":"https:\/\/aureliemitteault.fr\/index.php\/wp-json\/wp\/v2\/pages\/18","targetHints":{"allow":["GET"]}}],"collection":[{"href":"https:\/\/aureliemitteault.fr\/index.php\/wp-json\/wp\/v2\/pages"}],"about":[{"href":"https:\/\/aureliemitteault.fr\/index.php\/wp-json\/wp\/v2\/types\/page"}],"author":[{"embeddable":true,"href":"https:\/\/aureliemitteault.fr\/index.php\/wp-json\/wp\/v2\/users\/2"}],"replies":[{"embeddable":true,"href":"https:\/\/aureliemitteault.fr\/index.php\/wp-json\/wp\/v2\/comments?post=18"}],"version-history":[{"count":3,"href":"https:\/\/aureliemitteault.fr\/index.php\/wp-json\/wp\/v2\/pages\/18\/revisions"}],"predecessor-version":[{"id":57,"href":"https:\/\/aureliemitteault.fr\/index.php\/wp-json\/wp\/v2\/pages\/18\/revisions\/57"}],"up":[{"embeddable":true,"href":"https:\/\/aureliemitteault.fr\/index.php\/wp-json\/wp\/v2\/pages\/16"}],"wp:attachment":[{"href":"https:\/\/aureliemitteault.fr\/index.php\/wp-json\/wp\/v2\/media?parent=18"}],"curies":[{"name":"wp","href":"https:\/\/api.w.org\/{rel}","templated":true}]}}