{"id":428,"date":"2021-02-26T11:37:45","date_gmt":"2021-02-26T10:37:45","guid":{"rendered":"https:\/\/aureliemitteault.fr\/?page_id=428"},"modified":"2021-03-08T19:01:16","modified_gmt":"2021-03-08T18:01:16","slug":"jeu-de-cartes-emotions-emoi","status":"publish","type":"page","link":"https:\/\/aureliemitteault.fr\/index.php\/eft-2\/jeu-de-cartes-emotions-emoi\/","title":{"rendered":"Jeu de cartes \u00a0\u00bb Emotions \u00e9moi\u00a0\u00bb"},"content":{"rendered":"\t\t<div data-elementor-type=\"wp-page\" data-elementor-id=\"428\" class=\"elementor elementor-428\">\n\t\t\t\t\t\t<section class=\"elementor-section elementor-top-section elementor-element elementor-element-33df8f3b elementor-section-boxed elementor-section-height-default elementor-section-height-default\" data-id=\"33df8f3b\" data-element_type=\"section\" data-e-type=\"section\">\n\t\t\t\t\t\t<div class=\"elementor-container elementor-column-gap-default\">\n\t\t\t\t\t<div class=\"elementor-column elementor-col-100 elementor-top-column elementor-element elementor-element-6f48a241\" data-id=\"6f48a241\" data-element_type=\"column\" data-e-type=\"column\">\n\t\t\t<div class=\"elementor-widget-wrap elementor-element-populated\">\n\t\t\t\t\t\t<div class=\"elementor-element elementor-element-16f1fdd3 elementor-widget elementor-widget-text-editor\" data-id=\"16f1fdd3\" data-element_type=\"widget\" data-e-type=\"widget\" data-widget_type=\"text-editor.default\">\n\t\t\t\t<div class=\"elementor-widget-container\">\n\t\t\t\t\t\t\t\t\t\n<p class=\"has-drop-cap\">Lors de mes s\u00e9ances EFT (Technique de Lib\u00e9ration Emotionnelle), je me suis aper\u00e7ue que ce n\u2019\u00e9tait pas toujours chose ais\u00e9e de parler de nos \u00e9motions et que les cartes pouvaient \u00eatre un excellent outil.<\/p>\n\n<p>Depuis un moment, je souhaitais cr\u00e9er un jeu sur les \u00e9motions. J\u2019ai d\u00e9cid\u00e9 de me lancer dans cette belle et grande aventure : id\u00e9e, cr\u00e9ation et l\u2019auto-\u00e9dition.<\/p>\n\n<p>J\u2019ai eu \u00e0 c\u0153ur de cr\u00e9er un jeu simple et tout plein de douceur pour aborder les \u00e9motions avec les enfants mais aussi avec les plus grands <img decoding=\"async\" src=\"https:\/\/static.xx.fbcdn.net\/images\/emoji.php\/v9\/t57\/1\/16\/1f609.png\" alt=\"\ud83d\ude09\" width=\"16\" height=\"16\" \/>, pour cr\u00e9er du lien et instaurer le dialogue.<\/p>\n\n<p>Le jeu est compos\u00e9 de 39 cartes pr\u00e9sent\u00e9es dans un sac en tissus.<\/p>\n\n<p>Plusieurs utilisations sont propos\u00e9es : Identifier une \u00e9motion, Faire le lien entre une situation et une \u00e9motion, accueillir l\u2019\u00e9motion et ouvrir le dialogue sur les besoins<\/p>\n\n<p>Le jeu est compos\u00e9 de 39 cartes pr\u00e9sent\u00e9es dans un sac en tissus. Elles ont \u00e9t\u00e9 cr\u00e9\u00e9es avec passion, imprim\u00e9es localement pr\u00e8s chez moi et seront emball\u00e9es et exp\u00e9di\u00e9es manuellement avec amour.<\/p>\n\n<p>Le prix est de 15\u20ac + FDP<\/p>\n\t\t\t\t\t\t\t\t<\/div>\n\t\t\t\t<\/div>\n\t\t\t\t<div class=\"elementor-element elementor-element-5145b4c elementor-button-info elementor-align-center elementor-widget elementor-widget-button\" data-id=\"5145b4c\" data-element_type=\"widget\" data-e-type=\"widget\" data-widget_type=\"button.default\">\n\t\t\t\t<div class=\"elementor-widget-container\">\n\t\t\t\t\t\t\t\t\t<div class=\"elementor-button-wrapper\">\n\t\t\t\t\t<a class=\"elementor-button elementor-button-link elementor-size-md\" href=\"https:\/\/aureliemitteault.fr\/index.php\/contact\/\">\n\t\t\t\t\t\t<span class=\"elementor-button-content-wrapper\">\n\t\t\t\t\t\t<span class=\"elementor-button-icon\">\n\t\t\t\t<i aria-hidden=\"true\" class=\"far fa-star\"><\/i>\t\t\t<\/span>\n\t\t\t\t\t\t\t\t\t<span class=\"elementor-button-text\">Commander le jeu de cartes<\/span>\n\t\t\t\t\t<\/span>\n\t\t\t\t\t<\/a>\n\t\t\t\t<\/div>\n\t\t\t\t\t\t\t\t<\/div>\n\t\t\t\t<\/div>\n\t\t\t\t\t<\/div>\n\t\t<\/div>\n\t\t\t\t\t<\/div>\n\t\t<\/section>\n\t\t\t\t<section class=\"elementor-section elementor-top-section elementor-element elementor-element-d726a1a elementor-section-boxed elementor-section-height-default elementor-section-height-default\" data-id=\"d726a1a\" data-element_type=\"section\" data-e-type=\"section\">\n\t\t\t\t\t\t<div class=\"elementor-container elementor-column-gap-default\">\n\t\t\t\t\t<div class=\"elementor-column elementor-col-100 elementor-top-column elementor-element elementor-element-7e8eab7\" data-id=\"7e8eab7\" data-element_type=\"column\" data-e-type=\"column\">\n\t\t\t<div class=\"elementor-widget-wrap elementor-element-populated\">\n\t\t\t\t\t\t<div class=\"elementor-element elementor-element-96f2ea7 elementor-widget elementor-widget-image\" data-id=\"96f2ea7\" data-element_type=\"widget\" data-e-type=\"widget\" data-widget_type=\"image.default\">\n\t\t\t\t<div class=\"elementor-widget-container\">\n\t\t\t\t\t\t\t\t\t\t\t\t\t\t\t<img fetchpriority=\"high\" decoding=\"async\" width=\"644\" height=\"1024\" src=\"https:\/\/aureliemitteault.fr\/wp-content\/uploads\/2021\/02\/20201116_140605-644x1024.jpg\" class=\"attachment-large size-large wp-image-431\" alt=\"\" srcset=\"https:\/\/aureliemitteault.fr\/wp-content\/uploads\/2021\/02\/20201116_140605-644x1024.jpg 644w, https:\/\/aureliemitteault.fr\/wp-content\/uploads\/2021\/02\/20201116_140605-189x300.jpg 189w, https:\/\/aureliemitteault.fr\/wp-content\/uploads\/2021\/02\/20201116_140605-768x1222.jpg 768w, https:\/\/aureliemitteault.fr\/wp-content\/uploads\/2021\/02\/20201116_140605-966x1536.jpg 966w, https:\/\/aureliemitteault.fr\/wp-content\/uploads\/2021\/02\/20201116_140605-1288x2048.jpg 1288w, https:\/\/aureliemitteault.fr\/wp-content\/uploads\/2021\/02\/20201116_140605-scaled.jpg 1610w\" sizes=\"(max-width: 644px) 100vw, 644px\" \/>\t\t\t\t\t\t\t\t\t\t\t\t\t\t\t<\/div>\n\t\t\t\t<\/div>\n\t\t\t\t\t<\/div>\n\t\t<\/div>\n\t\t\t\t\t<\/div>\n\t\t<\/section>\n\t\t\t\t<\/div>\n\t\t","protected":false},"excerpt":{"rendered":"<p>Lors de mes s\u00e9ances EFT (Technique de Lib\u00e9ration Emotionnelle), je me suis aper\u00e7ue que ce n\u2019\u00e9tait pas toujours chose ais\u00e9e de parler de nos \u00e9motions et que les cartes pouvaient \u00eatre un excellent outil. Depuis un moment, je souhaitais cr\u00e9er un jeu sur les \u00e9motions. J\u2019ai d\u00e9cid\u00e9 de me lancer dans cette belle et grande [&hellip;]<\/p>\n","protected":false},"author":1,"featured_media":0,"parent":99,"menu_order":0,"comment_status":"closed","ping_status":"closed","template":"elementor_theme","meta":{"footnotes":""},"class_list":["post-428","page","type-page","status-publish","hentry"],"_links":{"self":[{"href":"https:\/\/aureliemitteault.fr\/index.php\/wp-json\/wp\/v2\/pages\/428","targetHints":{"allow":["GET"]}}],"collection":[{"href":"https:\/\/aureliemitteault.fr\/index.php\/wp-json\/wp\/v2\/pages"}],"about":[{"href":"https:\/\/aureliemitteault.fr\/index.php\/wp-json\/wp\/v2\/types\/page"}],"author":[{"embeddable":true,"href":"https:\/\/aureliemitteault.fr\/index.php\/wp-json\/wp\/v2\/users\/1"}],"replies":[{"embeddable":true,"href":"https:\/\/aureliemitteault.fr\/index.php\/wp-json\/wp\/v2\/comments?post=428"}],"version-history":[{"count":27,"href":"https:\/\/aureliemitteault.fr\/index.php\/wp-json\/wp\/v2\/pages\/428\/revisions"}],"predecessor-version":[{"id":474,"href":"https:\/\/aureliemitteault.fr\/index.php\/wp-json\/wp\/v2\/pages\/428\/revisions\/474"}],"up":[{"embeddable":true,"href":"https:\/\/aureliemitteault.fr\/index.php\/wp-json\/wp\/v2\/pages\/99"}],"wp:attachment":[{"href":"https:\/\/aureliemitteault.fr\/index.php\/wp-json\/wp\/v2\/media?parent=428"}],"curies":[{"name":"wp","href":"https:\/\/api.w.org\/{rel}","templated":true}]}}